{"id":2992,"date":"2022-06-23T15:37:07","date_gmt":"2022-06-23T15:37:07","guid":{"rendered":"https:\/\/mineralbad-andeer.ch\/impressum\/"},"modified":"2025-12-09T11:08:54","modified_gmt":"2025-12-09T11:08:54","slug":"impressum","status":"publish","type":"page","link":"https:\/\/mineralbad-andeer.ch\/it\/impressum\/","title":{"rendered":"Impressum"},"content":{"rendered":"<div class=\"wpb-content-wrapper\"><p>[vc_section el_class=&#8221;impress-daten_section&#8221;][vc_row][vc_column][vc_empty_space height=&#8221;10vh&#8221;][\/vc_column][\/vc_row][vc_row][vc_column][vc_column_text el_class=&#8221;impress-daten_wrapper&#8221;]<\/p>\n<div class=\"vc_row wpb_row vc_row-fluid\">\n<div class=\"angebot_text_header wpb_column vc_column_container vc_col-sm-12\">\n<div class=\"vc_column-inner\">\n<div class=\"wpb_wrapper\">\n<div class=\"wpb_text_column wpb_content_element \">\n<div class=\"wpb_wrapper\">\n<h2><strong>Impressum<\/strong><\/h2>\n<\/div>\n<\/div>\n<\/div>\n<\/div>\n<\/div>\n<\/div>\n<p>[\/vc_column_text][\/vc_column][\/vc_row][vc_row][vc_column][vc_column_text el_class=&#8221;impress-daten_wrapper&#8221;]<\/p>\n<h3><strong>Konzeption, Gestaltung und Programmierung\u00a0<\/strong><\/h3>\n<p>Vinavant AG,\u00a0Bahnhofstrasse 9,\u00a07302 Landquart[\/vc_column_text][\/vc_column][\/vc_row][vc_row][vc_column][vc_column_text el_class=&#8221;impress-daten_wrapper&#8221;]<\/p>\n<div class=\"vc_row wpb_row vc_row-fluid\">\n<div class=\"angebot_text_header wpb_column vc_column_container vc_col-sm-12\">\n<div class=\"vc_column-inner\">\n<div class=\"wpb_wrapper\">\n<div class=\"wpb_text_column wpb_content_element \">\n<div class=\"wpb_wrapper\">\n<h3><strong>Bild<\/strong><\/h3>\n<p>Dolores Rupa und Andrea Badrutt<\/p>\n<\/div>\n<\/div>\n<\/div>\n<\/div>\n<\/div>\n<\/div>\n<p>[\/vc_column_text][\/vc_column][\/vc_row][vc_row][vc_column][vc_column_text el_class=&#8221;impress-daten_wrapper&#8221;]<\/p>\n<div class=\"vc_row wpb_row vc_row-fluid\">\n<div class=\"angebot_text_header wpb_column vc_column_container vc_col-sm-12\">\n<div class=\"vc_column-inner\">\n<div class=\"wpb_wrapper\">\n<div class=\"wpb_text_column wpb_content_element \">\n<div class=\"wpb_wrapper\">\n<h3><strong>Haftungsausschluss<\/strong><\/h3>\n<p>Der Autor \u00fcbernimmt keinerlei Gew\u00e4hr hinsichtlich der inhaltlichen Richtigkeit, Genauigkeit, Aktualit\u00e4t, Zuverl\u00e4ssigkeit und Vollst\u00e4ndigkeit der Informationen.<br \/>\nHaftungsanspr\u00fcche gegen den Autor wegen Sch\u00e4den materieller oder immaterieller Art, welche aus dem Zugriff oder der Nutzung bzw. Nichtnutzung der ver\u00f6ffentlichten Informationen, durch Missbrauch der Verbindung oder durch technische St\u00f6rungen entstanden sind, werden ausgeschlossen.<br \/>\nAlle Angebote sind unverbindlich. Der Autor beh\u00e4lt es sich ausdr\u00fccklich vor, Teile der Seiten oder das gesamte Angebot ohne gesonderte Ank\u00fcndigung zu ver\u00e4ndern, zu erg\u00e4nzen, zu l\u00f6schen oder die Ver\u00f6ffentlichung zeitweise oder endg\u00fcltig einzustellen.<\/p>\n<\/div>\n<\/div>\n<\/div>\n<\/div>\n<\/div>\n<\/div>\n<p>[\/vc_column_text][\/vc_column][\/vc_row][vc_row][vc_column][vc_column_text el_class=&#8221;impress-daten_wrapper&#8221;]<\/p>\n<div class=\"vc_row wpb_row vc_row-fluid\">\n<div class=\"angebot_text_header wpb_column vc_column_container vc_col-sm-12\">\n<div class=\"vc_column-inner\">\n<div class=\"wpb_wrapper\">\n<div class=\"wpb_text_column wpb_content_element \">\n<div class=\"wpb_wrapper\">\n<h3><strong>Haftung f\u00fcr Links<\/strong><\/h3>\n<p>Verweise und Links auf Webseiten Dritter liegen ausserhalb unseres Verantwortungsbereichs Es wird jegliche Verantwortung f\u00fcr solche Webseiten abgelehnt. Der Zugriff und die Nutzung solcher Webseiten erfolgen auf eigene Gefahr des Nutzers oder der Nutzerin.<\/p>\n<\/div>\n<\/div>\n<\/div>\n<\/div>\n<\/div>\n<\/div>\n<p>[\/vc_column_text][\/vc_column][\/vc_row][vc_row][vc_column][vc_column_text css=&#8221;&#8221; el_class=&#8221;impress-daten_wrapper&#8221;]<\/p>\n<div class=\"vc_row wpb_row vc_row-fluid\">\n<div class=\"angebot_text_header wpb_column vc_column_container vc_col-sm-12\">\n<div class=\"vc_column-inner\">\n<div class=\"wpb_wrapper\">\n<div class=\"wpb_text_column wpb_content_element \">\n<div class=\"wpb_wrapper\">\n<h3><strong>Urheberrechte<\/strong><\/h3>\n<p>Die Urheber- und alle anderen Rechte an Inhalten, Bildern, Fotos oder anderen Dateien auf der Website geh\u00f6ren ausschliesslich der Firma Schamser Heilbad Andeer AG\u00a0oder den speziell genannten Rechtsinhabern. F\u00fcr die Reproduktion jeglicher Elemente ist die schriftliche Zustimmung der Urheberrechtstr\u00e4ger im Voraus einzuholen.<\/p>\n<\/div>\n<\/div>\n<\/div>\n<\/div>\n<\/div>\n<\/div>\n<p>[\/vc_column_text][\/vc_column][\/vc_row][vc_row][vc_column][vc_column_text el_class=&#8221;impress-daten_wrapper&#8221;]<\/p>\n<div class=\"vc_row wpb_row vc_row-fluid\">\n<div class=\"angebot_text_header wpb_column vc_column_container vc_col-sm-12\">\n<div class=\"vc_column-inner\">\n<div class=\"wpb_wrapper\">\n<div class=\"wpb_text_column wpb_content_element \">\n<div class=\"wpb_wrapper\">\n<h3><strong>Datenschutzrechtlicher Hinweis betreffend Google Analytics<\/strong><\/h3>\n<p>Diese Website benutzt Google Analytics, einen Webanalysedienst der Google Inc. (\u201eGoogle\u201c) Google Analytics verwendet sog. \u201eCookies\u201c, Textdateien, die auf Ihrem Computer gespeichert werden und die eine Analyse der Benutzung der Website durch Sie erm\u00f6glicht. Die durch den Cookie erzeugten Informationen \u00fcber Ihre Benutzung dieser Website (einschlie\u00dflich Ihrer IP-Adresse) wird an einen Server von Google in den USA \u00fcbertragen und dort gespeichert. Google wird diese Informationen benutzen, um Ihre Nutzung der Website auszuwerten, um Reports \u00fcber die Websiteaktivit\u00e4ten f\u00fcr die Websitebetreiber zusammenzustellen und um weitere mit der Websitenutzung und der Internetnutzung verbundene Dienstleistungen zu erbringen. Auch wird Google diese Informationen gegebenenfalls an Dritte \u00fcbertragen, sofern dies gesetzlich vorgeschrieben oder soweit Dritte diese Daten im Auftrag von Google verarbeiten. Google wird in keinem Fall Ihre IP-Adresse mit anderen Daten der Google in Verbindung bringen. Durch die Nutzung dieser Website erkl\u00e4ren Sie sich mit der Bearbeitung der \u00fcber Sie erhobenen Daten durch Google in der zuvor beschriebenen Art und Weise und zu dem zuvor benannten Zweck einverstanden.<\/p>\n<p>Hinweis zu den Wiederspruchsm\u00f6glichkeiten: Sie k\u00f6nnen die Erfassung durch Google Analytics verhindern, indem Sie das OptOut-Plugin von Google f\u00fcr Ihren Browser nutzen. Sie k\u00f6nnen alternativ auch die Installation der Cookies durch eine entsprechende Einstellung Ihrer Browser Software verhindern; wir weisen Sie jedoch darauf hin, dass Sie in diesem Fall gegebenenfalls nicht s\u00e4mtliche Funktionen dieser Website voll umf\u00e4nglich nutzen k\u00f6nnen.<\/p>\n<\/div>\n<\/div>\n<\/div>\n<\/div>\n<\/div>\n<\/div>\n<p>[\/vc_column_text][\/vc_column][\/vc_row][vc_row][vc_column][vc_column_text el_class=&#8221;impress-daten_wrapper&#8221;]<\/p>\n<div class=\"vc_row wpb_row vc_row-fluid\">\n<div class=\"angebot_text_header wpb_column vc_column_container vc_col-sm-12\">\n<div class=\"vc_column-inner\">\n<div class=\"wpb_wrapper\">\n<div class=\"wpb_text_column wpb_content_element \">\n<div class=\"wpb_wrapper\">\n<h3><strong>Nutzung von Facebook Remarketing<\/strong><\/h3>\n<p>Diese Website verwendet die Remarketing-Funktion \u201eCustom Audiences\u201c der Facebook Inc. (\u201eFacebook\u201c). Diese Funktion dient dazu, Besuchern dieser Webseite im Rahmen des Besuchs des sozialen Netzwerkes Facebook interessenbezogene Werbeanzeigen (\u201eFacebook-Ads\u201c) zu pr\u00e4sentieren. Hierzu wurde auf dieser Website das Remarketing-Tag von Facebook implementiert. \u00dcber dieses Tag wird beim Besuch der Webseite eine direkte Verbindung zu den Facebook-Servern hergestellt. Dabei wird an den Facebook-Server \u00fcbermittelt, dass Sie diese Website besucht haben und Facebook ordnet diese Information Ihrem pers\u00f6nlichen Facebook-Benutzerkonto zu. N\u00e4here Informationen zur Erhebung und Nutzung der Daten durch Facebook sowie \u00fcber Ihre diesbez\u00fcglichen Rechte und M\u00f6glichkeiten zum Schutz Ihrer Privatsph\u00e4re finden Sie in den Datenschutzhinweisen von Facebook unter\u00a0<a href=\"https:\/\/www.facebook.com\/about\/privacy\/\" target=\"_blank\" rel=\"noopener\">https:\/\/www.facebook.com\/about\/privacy\/<\/a>. Alternativ k\u00f6nnen Sie die Remarketing-Funktion \u201eCustom Audiences\u201c unter\u00a0<a href=\"https:\/\/www.facebook.com\/settings\/?tab=ads#_=_\" target=\"_blank\" rel=\"noopener\">https:\/\/www.facebook.com\/settings\/?tab=ads#_=_<\/a>\u00a0deaktivieren. Hierf\u00fcr m\u00fcssen Sie bei Facebook angemeldet sein.<\/p>\n<\/div>\n<\/div>\n<\/div>\n<\/div>\n<\/div>\n<\/div>\n<p>[\/vc_column_text][\/vc_column][\/vc_row][vc_row disable_element=&#8221;yes&#8221;][vc_column][vc_column_text el_class=&#8221;impress-daten_wrapper&#8221;]<\/p>\n<div class=\"vc_row wpb_row vc_row-fluid\">\n<div class=\"angebot_text_header wpb_column vc_column_container vc_col-sm-12\">\n<div class=\"vc_column-inner\">\n<div class=\"wpb_wrapper\">\n<div class=\"wpb_text_column wpb_content_element \">\n<div class=\"wpb_wrapper\">\n<h3><strong>Nutzung von LeadForensics<\/strong><\/h3>\n<p>Zu Zwecken des Marketings und der Optimierung werden auf dieser Webseite Produkte und Dienstleistungen des Unternehmens LeadForensics (<a href=\"https:\/\/www.leadforensics.com\/\" target=\"_blank\" rel=\"noopener\">www.leadforensics.com<\/a>) verwendet. Der Hauptsitz von LeadForensics befindet sich in Communication House 26 York Street, London, W1U 6PZ Grossbritannien. LeadForensics ermittelt Details Ihrer Organisation inklusive Telefonnummer, Web-Adresse, SIC Code und einer Beschreibung des Unternehmens. Dabei zeigt LeadForensics den tats\u00e4chlich zur\u00fcckgelegten Verlauf Ihres Besuches dieser Webseite auf, inklusive s\u00e4mtlicher Seiten, die durch Sie besucht und angeschaut wurden und wie lange Sie auf dieser Seite verbracht haben. Keinesfalls werden die Daten zur pers\u00f6nlichen Identifizierung eines individuellen Besuchers verwendet. Soweit IP-Adressen erhoben werden, werden diese unverz\u00fcglich nach Erhebung anonymisiert. Im Auftrag des Betreibers dieser Webseite wird LeadForensics die erhobenen Informationen nutzen, um Ihren Besuch der Webseite auszuwerten, um Reports \u00fcber die Webseitenaktivit\u00e4ten zusammenzustellen und um weitere mit der Webseitennutzung und der Internetnutzung verbundene Dienstleistungen gegen\u00fcber dem Webseitenbetreiber zu erbringen. Sollten Sie damit nicht einverstanden sein, k\u00f6nnen Sie der Datenerhebung, -verarbeitung und \u2013speicherung jederzeit mit Wirkung f\u00fcr die Zukunft durch einen Klick auf folgenden Link widersprechen:\u00a0<a href=\"http:\/\/lfwebproxy.westeurope.cloudapp.azure.com:5000\/?clientID=136032\" target=\"_blank\" rel=\"noopener\">Vom Website-Tracking ausschlie\u00dfen<\/a><\/p>\n<\/div>\n<\/div>\n<\/div>\n<\/div>\n<\/div>\n<\/div>\n<p>[\/vc_column_text][\/vc_column][\/vc_row][\/vc_section]<\/p>\n<\/div>","protected":false},"excerpt":{"rendered":"<p>[vc_section el_class=&#8221;impress-daten_section&#8221;][vc_row][vc_column][vc_empty_space height=&#8221;10vh&#8221;][\/vc_column][\/vc_row][vc_row][vc_column][vc_column_text el_class=&#8221;impress-daten_wrapper&#8221;] Impressum [\/vc_column_text][\/vc_column][\/vc_row][vc_row][vc_column][vc_column_text el_class=&#8221;impress-daten_wrapper&#8221;] Konzeption, Gestaltung und Programmierung\u00a0 Vinavant AG,\u00a0Bahnhofstrasse 9,\u00a07302 Landquart[\/vc_column_text][\/vc_column][\/vc_row][vc_row][vc_column][vc_column_text el_class=&#8221;impress-daten_wrapper&#8221;] Bild Dolores Rupa und&hellip; <a class=\"more-link\" href=\"https:\/\/mineralbad-andeer.ch\/it\/impressum\/\">Continua a leggere <span class=\"screen-reader-text\">Impressum<\/span><\/a><\/p>\n","protected":false},"author":1,"featured_media":0,"parent":0,"menu_order":31,"comment_status":"closed","ping_status":"closed","template":"","meta":{"_acf_changed":false,"footnotes":""},"class_list":["post-2992","page","type-page","status-publish","hentry","entry"],"acf":[],"yoast_head":"<!-- This site is optimized with the Yoast SEO plugin v27.3 - https:\/\/yoast.com\/product\/yoast-seo-wordpress\/ -->\n<title>Impressum - Mineralbad Andeer<\/title>\n<meta name=\"robots\" content=\"index, follow, max-snippet:-1, max-image-preview:large, max-video-preview:-1\" \/>\n<link rel=\"canonical\" href=\"https:\/\/mineralbad-andeer.ch\/it\/impressum\/\" \/>\n<meta property=\"og:locale\" content=\"it_IT\" \/>\n<meta property=\"og:type\" content=\"article\" \/>\n<meta property=\"og:title\" content=\"Impressum - Mineralbad Andeer\" \/>\n<meta property=\"og:description\" content=\"[vc_section el_class=&#8221;impress-daten_section&#8221;][vc_row][vc_column][vc_empty_space height=&#8221;10vh&#8221;][\/vc_column][\/vc_row][vc_row][vc_column][vc_column_text el_class=&#8221;impress-daten_wrapper&#8221;] Impressum [\/vc_column_text][\/vc_column][\/vc_row][vc_row][vc_column][vc_column_text el_class=&#8221;impress-daten_wrapper&#8221;] Konzeption, Gestaltung und Programmierung\u00a0 Vinavant AG,\u00a0Bahnhofstrasse 9,\u00a07302 Landquart[\/vc_column_text][\/vc_column][\/vc_row][vc_row][vc_column][vc_column_text el_class=&#8221;impress-daten_wrapper&#8221;] Bild Dolores Rupa und&hellip; Continua a leggere Impressum\" \/>\n<meta property=\"og:url\" content=\"https:\/\/mineralbad-andeer.ch\/it\/impressum\/\" \/>\n<meta property=\"og:site_name\" content=\"Mineralbad Andeer\" \/>\n<meta property=\"article:modified_time\" content=\"2025-12-09T11:08:54+00:00\" \/>\n<meta name=\"twitter:card\" content=\"summary_large_image\" \/>\n<meta name=\"twitter:label1\" content=\"Tempo di lettura stimato\" \/>\n\t<meta name=\"twitter:data1\" content=\"5 minuti\" \/>\n<script type=\"application\/ld+json\" class=\"yoast-schema-graph\">{\"@context\":\"https:\\\/\\\/schema.org\",\"@graph\":[{\"@type\":\"WebPage\",\"@id\":\"https:\\\/\\\/mineralbad-andeer.ch\\\/it\\\/impressum\\\/\",\"url\":\"https:\\\/\\\/mineralbad-andeer.ch\\\/it\\\/impressum\\\/\",\"name\":\"Impressum - Mineralbad Andeer\",\"isPartOf\":{\"@id\":\"https:\\\/\\\/mineralbad-andeer.ch\\\/it\\\/#website\"},\"datePublished\":\"2022-06-23T15:37:07+00:00\",\"dateModified\":\"2025-12-09T11:08:54+00:00\",\"breadcrumb\":{\"@id\":\"https:\\\/\\\/mineralbad-andeer.ch\\\/it\\\/impressum\\\/#breadcrumb\"},\"inLanguage\":\"it-IT\",\"potentialAction\":[{\"@type\":\"ReadAction\",\"target\":[\"https:\\\/\\\/mineralbad-andeer.ch\\\/it\\\/impressum\\\/\"]}]},{\"@type\":\"BreadcrumbList\",\"@id\":\"https:\\\/\\\/mineralbad-andeer.ch\\\/it\\\/impressum\\\/#breadcrumb\",\"itemListElement\":[{\"@type\":\"ListItem\",\"position\":1,\"name\":\"Startseite\",\"item\":\"https:\\\/\\\/mineralbad-andeer.ch\\\/\"},{\"@type\":\"ListItem\",\"position\":2,\"name\":\"Impressum\"}]},{\"@type\":\"WebSite\",\"@id\":\"https:\\\/\\\/mineralbad-andeer.ch\\\/it\\\/#website\",\"url\":\"https:\\\/\\\/mineralbad-andeer.ch\\\/it\\\/\",\"name\":\"Mineralbad Andeer\",\"description\":\"Kraft des Wassers\",\"potentialAction\":[{\"@type\":\"SearchAction\",\"target\":{\"@type\":\"EntryPoint\",\"urlTemplate\":\"https:\\\/\\\/mineralbad-andeer.ch\\\/it\\\/?s={search_term_string}\"},\"query-input\":{\"@type\":\"PropertyValueSpecification\",\"valueRequired\":true,\"valueName\":\"search_term_string\"}}],\"inLanguage\":\"it-IT\"}]}<\/script>\n<!-- \/ Yoast SEO plugin. -->","yoast_head_json":{"title":"Impressum - Mineralbad Andeer","robots":{"index":"index","follow":"follow","max-snippet":"max-snippet:-1","max-image-preview":"max-image-preview:large","max-video-preview":"max-video-preview:-1"},"canonical":"https:\/\/mineralbad-andeer.ch\/it\/impressum\/","og_locale":"it_IT","og_type":"article","og_title":"Impressum - Mineralbad Andeer","og_description":"[vc_section el_class=&#8221;impress-daten_section&#8221;][vc_row][vc_column][vc_empty_space height=&#8221;10vh&#8221;][\/vc_column][\/vc_row][vc_row][vc_column][vc_column_text el_class=&#8221;impress-daten_wrapper&#8221;] Impressum [\/vc_column_text][\/vc_column][\/vc_row][vc_row][vc_column][vc_column_text el_class=&#8221;impress-daten_wrapper&#8221;] Konzeption, Gestaltung und Programmierung\u00a0 Vinavant AG,\u00a0Bahnhofstrasse 9,\u00a07302 Landquart[\/vc_column_text][\/vc_column][\/vc_row][vc_row][vc_column][vc_column_text el_class=&#8221;impress-daten_wrapper&#8221;] Bild Dolores Rupa und&hellip; Continua a leggere Impressum","og_url":"https:\/\/mineralbad-andeer.ch\/it\/impressum\/","og_site_name":"Mineralbad Andeer","article_modified_time":"2025-12-09T11:08:54+00:00","twitter_card":"summary_large_image","twitter_misc":{"Tempo di lettura stimato":"5 minuti"},"schema":{"@context":"https:\/\/schema.org","@graph":[{"@type":"WebPage","@id":"https:\/\/mineralbad-andeer.ch\/it\/impressum\/","url":"https:\/\/mineralbad-andeer.ch\/it\/impressum\/","name":"Impressum - Mineralbad Andeer","isPartOf":{"@id":"https:\/\/mineralbad-andeer.ch\/it\/#website"},"datePublished":"2022-06-23T15:37:07+00:00","dateModified":"2025-12-09T11:08:54+00:00","breadcrumb":{"@id":"https:\/\/mineralbad-andeer.ch\/it\/impressum\/#breadcrumb"},"inLanguage":"it-IT","potentialAction":[{"@type":"ReadAction","target":["https:\/\/mineralbad-andeer.ch\/it\/impressum\/"]}]},{"@type":"BreadcrumbList","@id":"https:\/\/mineralbad-andeer.ch\/it\/impressum\/#breadcrumb","itemListElement":[{"@type":"ListItem","position":1,"name":"Startseite","item":"https:\/\/mineralbad-andeer.ch\/"},{"@type":"ListItem","position":2,"name":"Impressum"}]},{"@type":"WebSite","@id":"https:\/\/mineralbad-andeer.ch\/it\/#website","url":"https:\/\/mineralbad-andeer.ch\/it\/","name":"Mineralbad Andeer","description":"Kraft des Wassers","potentialAction":[{"@type":"SearchAction","target":{"@type":"EntryPoint","urlTemplate":"https:\/\/mineralbad-andeer.ch\/it\/?s={search_term_string}"},"query-input":{"@type":"PropertyValueSpecification","valueRequired":true,"valueName":"search_term_string"}}],"inLanguage":"it-IT"}]}},"_links":{"self":[{"href":"https:\/\/mineralbad-andeer.ch\/it\/wp-json\/wp\/v2\/pages\/2992","targetHints":{"allow":["GET"]}}],"collection":[{"href":"https:\/\/mineralbad-andeer.ch\/it\/wp-json\/wp\/v2\/pages"}],"about":[{"href":"https:\/\/mineralbad-andeer.ch\/it\/wp-json\/wp\/v2\/types\/page"}],"author":[{"embeddable":true,"href":"https:\/\/mineralbad-andeer.ch\/it\/wp-json\/wp\/v2\/users\/1"}],"replies":[{"embeddable":true,"href":"https:\/\/mineralbad-andeer.ch\/it\/wp-json\/wp\/v2\/comments?post=2992"}],"version-history":[{"count":3,"href":"https:\/\/mineralbad-andeer.ch\/it\/wp-json\/wp\/v2\/pages\/2992\/revisions"}],"predecessor-version":[{"id":4126,"href":"https:\/\/mineralbad-andeer.ch\/it\/wp-json\/wp\/v2\/pages\/2992\/revisions\/4126"}],"wp:attachment":[{"href":"https:\/\/mineralbad-andeer.ch\/it\/wp-json\/wp\/v2\/media?parent=2992"}],"curies":[{"name":"wp","href":"https:\/\/api.w.org\/{rel}","templated":true}]}}